{"id":14,"date":"2021-10-27T22:14:45","date_gmt":"2021-10-27T22:14:45","guid":{"rendered":"https:\/\/daniel.media\/olelaget\/?page_id=14"},"modified":"2021-11-26T01:48:55","modified_gmt":"2021-11-26T01:48:55","slug":"kontakt","status":"publish","type":"page","link":"https:\/\/daniel.media\/olelaget\/kontakt\/","title":{"rendered":"Kontakt"},"content":{"rendered":"<div>\n<p>        <img decoding=\"async\" src=\"\/olelaget\/wp-content\/uploads\/2021\/11\/13346207_626032300886592_537719110395025456_o.jpg\" alt=\"\"><\/p>\n<h1>Fotograf Ole Laget<\/h1>\n<div>\n<p>Fotografiet er printet ved hjelp av avansert UV-teknikk p\u00e5 en lyddempende plate som heter <strong>Frigg<\/strong>. Platen er en h\u00f8yverdig absorbent som absorberer lydb\u00f8lger sv\u00e6rt effektivt. Platen er CE-godkjent, M1-sertifisert (utslipp) og innfrir brannklasse B.<\/p>\n<\/div>\n<\/div>\n<p><img decoding=\"async\" src=\"\/olelaget\/wp-content\/uploads\/2021\/11\/Sound-Wave_EDIT.svg\" alt=\"\"><\/p>\n<p>\n    <a href=\"\/olelaget\/alle-bilder\/\">Vis alle bilder<\/a>\n<\/p>\n<p>\n    <a href=\"\/olelaget\/\">Vis kun galleri bilder<\/a>\n<\/p>\n<p><!--more--><br \/>\n<!-- {\"name\":\"FORSIDEN_GALLERI_TIL_KONTAKT\",\"type\":\"layout\",\"children\":[{\"type\":\"section\",\"props\":{\"style\":\"default\",\"width\":\"\",\"vertical_align\":\"middle\",\"title_position\":\"top-left\",\"title_rotation\":\"left\",\"title_breakpoint\":\"xl\",\"image_position\":\"center-center\",\"padding_remove_bottom\":true,\"header_transparent\":\"dark\",\"padding_remove_top\":false,\"width_expand\":\"right\",\"height\":\"expand\"},\"children\":[{\"type\":\"row\",\"props\":{\"column_gap\":\"collapse\"},\"children\":[{\"type\":\"column\",\"props\":{\"image_position\":\"center-center\",\"media_overlay_gradient\":\"\",\"width_medium\":\"\"},\"children\":[{\"type\":\"panel\",\"props\":{\"link_text\":\"Read more\",\"title_hover_style\":\"reset\",\"title_element\":\"h1\",\"title_align\":\"top\",\"title_grid_width\":\"1-2\",\"title_grid_breakpoint\":\"m\",\"meta_style\":\"\",\"meta_align\":\"below-content\",\"meta_element\":\"div\",\"content_column_breakpoint\":\"m\",\"icon_width\":80,\"image_align\":\"left\",\"image_grid_width\":\"auto\",\"image_grid_breakpoint\":\"m\",\"image_svg_color\":\"emphasis\",\"link_style\":\"default\",\"margin\":\"large\",\"image_width\":\"115\",\"image_border\":\"circle\",\"text_align\":\"left\",\"meta_margin\":\"medium\",\"content_align\":false,\"maxwidth\":\"2xlarge\",\"content_margin\":\"small\",\"meta_color\":\"muted\",\"margin_remove_bottom\":true,\"position\":\"relative\",\"position_z_index\":\"1\",\"text_align_breakpoint\":\"m\",\"text_align_fallback\":\"center\",\"block_align_breakpoint\":\"m\",\"block_align_fallback\":\"center\",\"image\":\"wp-content\\\/uploads\\\/2021\\\/11\\\/13346207_626032300886592_537719110395025456_o.jpg\",\"title\":\"Fotograf Ole Laget\",\"content\":\"\n\n<p>Fotografiet er printet ved hjelp av avansert UV-teknikk p\\u00e5 en lyddempende plate som heter <strong>Frigg<\\\/strong>. Platen er en h\\u00f8yverdig absorbent som absorberer lydb\\u00f8lger sv\\u00e6rt effektivt. Platen er CE-godkjent, M1-sertifisert (utslipp) og innfrir brannklasse B.<\\\/p>\",\"image_height\":\"115\",\"class\":\"\",\"block_align\":\"center\",\"title_decoration\":\"divider\",\"content_style\":\"meta\"}},{\"type\":\"image\",\"props\":{\"margin\":\"default\",\"image_svg_color\":\"muted\",\"image\":\"wp-content\\\/uploads\\\/2021\\\/11\\\/Sound-Wave_EDIT.svg\",\"image_svg_inline\":true,\"image_svg_animate\":false,\"position\":\"absolute\",\"position_left\":\"0\",\"position_top\":\"-14vh\",\"visibility\":\"m\",\"animation\":\"fade\",\"css\":\".el-element {opacity:0.2}\"}}]}]}],\"name\":\"AUTHOR_OL\",\"modified\":\"2021-11-22T02:53:21.548Z\"},{\"type\":\"section\",\"props\":{\"style\":\"default\",\"width\":\"default\",\"vertical_align\":\"middle\",\"title_position\":\"top-left\",\"title_rotation\":\"left\",\"title_breakpoint\":\"xl\",\"image_position\":\"center-center\"},\"children\":[{\"type\":\"row\",\"props\":{\"layout\":\"1-2,1-2\",\"width\":\"xsmall\"},\"children\":[{\"type\":\"column\",\"props\":{\"image_position\":\"center-center\",\"media_overlay_gradient\":\"\",\"width_medium\":\"1-2\"},\"children\":[{\"type\":\"button\",\"props\":{\"grid_column_gap\":\"small\",\"grid_row_gap\":\"small\",\"margin\":\"default\",\"text_align\":\"center\",\"fullwidth\":true,\"position\":\"relative\"},\"children\":[{\"type\":\"button_item\",\"props\":{\"button_style\":\"default\",\"icon_align\":\"left\",\"content\":\"Vis alle bilder\",\"link\":\"alle-bilder\\\/\",\"icon\":\"album\"}}]}]},{\"type\":\"column\",\"props\":{\"image_position\":\"center-center\",\"media_overlay_gradient\":\"\",\"width_medium\":\"1-2\"},\"children\":[{\"type\":\"button\",\"props\":{\"grid_column_gap\":\"small\",\"grid_row_gap\":\"small\",\"margin\":\"default\",\"text_align\":\"center\",\"fullwidth\":true,\"position\":\"relative\"},\"children\":[{\"type\":\"button_item\",\"props\":{\"button_style\":\"default\",\"icon_align\":\"left\",\"content\":\"Vis kun galleri bilder\",\"link\":\"\\\/olelaget\\\/\",\"icon\":\"star\"}}]}]}]}]}],\"version\":\"2.6.8\"} --><\/p>\n","protected":false},"excerpt":{"rendered":"<p>Fotograf Ole Laget Fotografiet er printet ved hjelp av avansert UV-teknikk p\u00e5 en lyddempende plate som heter Frigg. Platen er en h\u00f8yverdig absorbent som absorberer lydb\u00f8lger sv\u00e6rt effektivt. Platen er CE-godkjent, M1-sertifisert (utslipp) og innfrir brannklasse B. Vis alle bilder Vis kun galleri bilder<\/p>\n","protected":false},"author":1,"featured_media":0,"parent":0,"menu_order":0,"comment_status":"closed","ping_status":"closed","template":"","meta":{"spay_email":"","footnotes":""},"class_list":["post-14","page","type-page","status-publish","hentry"],"_links":{"self":[{"href":"https:\/\/daniel.media\/olelaget\/wp-json\/wp\/v2\/pages\/14","targetHints":{"allow":["GET"]}}],"collection":[{"href":"https:\/\/daniel.media\/olelaget\/wp-json\/wp\/v2\/pages"}],"about":[{"href":"https:\/\/daniel.media\/olelaget\/wp-json\/wp\/v2\/types\/page"}],"author":[{"embeddable":true,"href":"https:\/\/daniel.media\/olelaget\/wp-json\/wp\/v2\/users\/1"}],"replies":[{"embeddable":true,"href":"https:\/\/daniel.media\/olelaget\/wp-json\/wp\/v2\/comments?post=14"}],"version-history":[{"count":11,"href":"https:\/\/daniel.media\/olelaget\/wp-json\/wp\/v2\/pages\/14\/revisions"}],"predecessor-version":[{"id":313,"href":"https:\/\/daniel.media\/olelaget\/wp-json\/wp\/v2\/pages\/14\/revisions\/313"}],"wp:attachment":[{"href":"https:\/\/daniel.media\/olelaget\/wp-json\/wp\/v2\/media?parent=14"}],"curies":[{"name":"wp","href":"https:\/\/api.w.org\/{rel}","templated":true}]}}