{"id":324,"date":"2021-12-09T22:54:39","date_gmt":"2021-12-09T22:54:39","guid":{"rendered":"https:\/\/daniel.media\/olelaget\/?page_id=324"},"modified":"2021-12-09T22:56:26","modified_gmt":"2021-12-09T22:56:26","slug":"vilkar-og-betingelser","status":"publish","type":"page","link":"https:\/\/daniel.media\/olelaget\/vilkar-og-betingelser\/","title":{"rendered":"Vilk\u00e5r og Betingelser"},"content":{"rendered":"\n<p>Selger er Fotograf Ole Laget &#8211; Grasholmstubben 2, 4077 Hundv\u00e5g, olelaget@gmail.com, +47 468 39 944, 914971349, og betegnes i det f\u00f8lgende som &nbsp;selger\/selgeren.<\/p>\n\n\n\n<h2 class=\"wp-block-heading\">Partene<\/h2>\n\n\n\n<p>Kj\u00f8per er den forbrukeren som foretar bestillingen, og betegnes i det f\u00f8lgende som &nbsp;kj\u00f8per\/kj\u00f8peren.<\/p>\n\n\n\n<p>Selgeren kan kreve betaling for varen fra det tidspunkt den blir sendt fra selgeren til kj\u00f8peren.<\/p>\n\n\n\n<h2 class=\"wp-block-heading\">Betaling<\/h2>\n\n\n\n<p>Dersom kj\u00f8peren bruker kredittkort eller debetkort ved betaling, kan selgeren reservere kj\u00f8pesummen p\u00e5 kortet ved bestilling. Kortet blir belastet samme dag som varen sendes.<\/p>\n\n\n\n<p>Ved betaling med faktura, blir fakturaen til kj\u00f8peren utstedt ved forsendelse av varen. Betalingsfristen fremg\u00e5r av fakturaen og er p\u00e5 minimum 14 dager fra mottak.<\/p>\n\n\n\n<p>Kj\u00f8pere under 18 \u00e5r kan ikke betale med etterf\u00f8lgende faktura.<\/p>\n\n\n\n<h2 class=\"wp-block-heading\">Levering<\/h2>\n\n\n\n<p>Levering er skjedd n\u00e5r kj\u00f8peren, eller hans representant, har overtatt tingen.<\/p>\n\n\n\n<p>Hvis ikke leveringstidspunkt fremg\u00e5r av bestillingsl\u00f8sningen, skal selgeren levere varen til kj\u00f8per uten un\u00f8dig opphold og senest 30 dager etter bestillingen fra kunden. Varen skal leveres hos kj\u00f8peren med mindre annet er s\u00e6rskilt avtalt mellom partene.<\/p>\n\n\n\n<h2 class=\"wp-block-heading\">Angrerett<\/h2>\n\n\n\n<p>Med mindre avtalen er unntatt fra angrerett, kan kj\u00f8peren angre kj\u00f8pet av varen i henhold til angrerettloven.<\/p>\n\n\n\n<p>Kj\u00f8peren m\u00e5 gi selger melding om bruk av angreretten innen 14 dager fra fristen begynner \u00e5 l\u00f8pe. I fristen inkluderes alle kalenderdager. Dersom fristen ender p\u00e5 en l\u00f8rdag, helligdag eller h\u00f8ytidsdag forlenges fristen til n\u00e6rmeste virkedag.<\/p>\n\n\n\n<p>Angrefristen anses overholdt dersom melding er sendt f\u00f8r utl\u00f8pet av fristen. Kj\u00f8per har bevisbyrden for at angreretten er blitt gjort gjeldende, og meldingen b\u00f8r derfor skje skriftlig (angrerettskjema, e-post eller brev).<\/p>\n\n\n\n<p>Angrefristen begynner \u00e5 l\u00f8pe:<\/p>\n\n\n\n<ul class=\"wp-block-list\"><li>Ved kj\u00f8p av enkeltst\u00e5ende varer vil angrefristen l\u00f8pe fra dagen etter varen(e) er mottatt.<\/li><li>Selges et abonnement, eller inneb\u00e6rer avtalen regelmessig levering av identiske varer, l\u00f8per fristen fra dagen etter f\u00f8rste forsendelse er mottatt.<\/li><li>Best\u00e5r kj\u00f8pet av flere leveranser, vil angrefristen l\u00f8pe fra dagen etter siste leveranse er mottatt.<\/li><\/ul>\n\n\n\n<p>Angrefristen utvides til 12 m\u00e5neder etter utl\u00f8pet av den opprinnelige fristen dersom selger ikke f\u00f8r avtaleinng\u00e5elsen opplyser om at det foreligger angrerett og standardisert angreskjema. Tilsvarende gjelder ved manglende opplysning om vilk\u00e5r, tidsfrister og fremgangsm\u00e5te for \u00e5 benytte angreretten. S\u00f8rger den n\u00e6ringsdrivende for \u00e5 gi opplysningene i l\u00f8pet av disse 12 m\u00e5nedene, utl\u00f8per angrefristen likevel 14 dager etter den dagen kj\u00f8peren mottok opplysningene.<\/p>\n\n\n\n<p>Ved bruk av angreretten m\u00e5 varen leveres tilbake til selgeren uten un\u00f8dig opphold og senest 14 dager fra melding om bruk av angreretten er gitt. Kj\u00f8per dekker de direkte kostnadene ved \u00e5 returnere varen, med mindre annet er avtalt eller selger har unnlatt \u00e5 opplyse om at kj\u00f8per skal dekke returkostnadene. Selgeren kan ikke fastsette gebyr for kj\u00f8perens bruk av angreretten.<\/p>\n\n\n\n<p>Kj\u00f8per kan pr\u00f8ve eller teste varen p\u00e5 en forsvarlig m\u00e5te for \u00e5 fastsl\u00e5 varens art, egenskaper og funksjon, uten at angreretten faller bort. Dersom pr\u00f8ving eller test av varen g\u00e5r utover hva som er forsvarlig og n\u00f8dvendig, kan kj\u00f8peren bli ansvarlig for eventuell redusert verdi p\u00e5 varen.<\/p>\n\n\n\n<p>Selgeren er forpliktet til \u00e5 tilbakebetale kj\u00f8pesummen til kj\u00f8peren uten un\u00f8dig opphold, og senest 14 dager fra selgeren fikk melding om kj\u00f8perens beslutning om \u00e5 benytte angreretten. Selger har rett til \u00e5 holde tilbake betalingen til han har mottatt varene fra kj\u00f8peren, eller til kj\u00f8per har lagt frem dokumentasjon for at varene er sendt &nbsp;tilbake.<\/p>\n\n\n\n<h2 class=\"wp-block-heading\">Mangel ved varen &#8211; kj\u00f8perens rettigheter og reklamasjonsfrist<\/h2>\n\n\n\n<p>Hvis det foreligger en mangel ved varen m\u00e5 kj\u00f8per innen rimelig tid etter at den ble oppdaget eller burde ha blitt oppdaget, gi selger melding om at han eller hun vil p\u00e5berope seg mangelen. Kj\u00f8per har alltid reklamert tidsnok dersom det skjer innen 2 mnd. fra mangelen ble oppdaget eller burde blitt oppdaget. Reklamasjon kan skje senest to \u00e5r etter at kj\u00f8per overtok varen. Dersom varen eller deler av den er ment \u00e5 vare vesentlig lenger enn to \u00e5r, er reklamasjonsfristen fem \u00e5r.<\/p>\n\n\n\n<p>Dersom varen har en mangel og dette ikke skyldes kj\u00f8peren eller forhold p\u00e5 kj\u00f8perens side, kan kj\u00f8peren i henhold til reglene i forbrukerkj\u00f8psloven kapittel 6 etter omstendighetene&nbsp;<em>holde kj\u00f8pesummen tilbake<\/em>, velge mellom&nbsp;<em>retting&nbsp;<\/em>og&nbsp;<em>omlevering<\/em>, kreve&nbsp;<em>prisavslag<\/em>, kreve avtalen hevet og\/eller kreve&nbsp;<em>erstatning&nbsp;&nbsp;<\/em>fra selgeren.<\/p>\n\n\n\n<p>Reklamasjon til selgeren b\u00f8r skje skriftlig.<\/p>\n\n\n\n<h2 class=\"wp-block-heading\">Konfliktl\u00f8sning<\/h2>\n\n\n\n<p>Klager rettes til selger innen rimelig tid, jf. punkt 9 og 10. Partene skal fors\u00f8ke \u00e5 l\u00f8se eventuelle tvister i minnelighet. Dersom dette ikke lykkes, kan kj\u00f8peren ta kontakt med Forbrukerr\u00e5det for mekling. Forbrukerr\u00e5det er tilgjengelig &nbsp;p\u00e5 &nbsp;telefon 23&nbsp; 400&nbsp; 500&nbsp; eller&nbsp;<a target=\"_blank\" href=\"http:\/\/www.forbrukerradet.no\/\" rel=\"noreferrer noopener\">www.forbrukerradet.no.<\/a><\/p>\n\n\n\n<p>Europa-Kommisjonens klageportal kan ogs\u00e5 brukes hvis du \u00f8nsker \u00e5 inngi en klage. Det er s\u00e6rlig relevant, hvis du er forbruker bosatt i et annet EU-land. Klagen inngis her:&nbsp;<a href=\"http:\/\/ec.europa.eu\/odr\">http:\/\/ec.europa.eu\/odr<\/a>.<\/p>\n","protected":false},"excerpt":{"rendered":"<p>Selger er Fotograf Ole Laget &#8211; Grasholmstubben 2, 4077 Hundv\u00e5g, olelaget@gmail.com, +47 468 39 944, 914971349, og betegnes i det f\u00f8lgende som &nbsp;selger\/selgeren. Partene Kj\u00f8per er den forbrukeren som foretar bestillingen, og betegnes i det f\u00f8lgende som &nbsp;kj\u00f8per\/kj\u00f8peren. Selgeren kan kreve betaling for varen fra det tidspunkt den blir sendt fra selgeren til kj\u00f8peren. Betaling [&hellip;]<\/p>\n","protected":false},"author":1,"featured_media":0,"parent":0,"menu_order":0,"comment_status":"closed","ping_status":"closed","template":"","meta":{"spay_email":"","footnotes":""},"class_list":["post-324","page","type-page","status-publish","hentry"],"_links":{"self":[{"href":"https:\/\/daniel.media\/olelaget\/wp-json\/wp\/v2\/pages\/324","targetHints":{"allow":["GET"]}}],"collection":[{"href":"https:\/\/daniel.media\/olelaget\/wp-json\/wp\/v2\/pages"}],"about":[{"href":"https:\/\/daniel.media\/olelaget\/wp-json\/wp\/v2\/types\/page"}],"author":[{"embeddable":true,"href":"https:\/\/daniel.media\/olelaget\/wp-json\/wp\/v2\/users\/1"}],"replies":[{"embeddable":true,"href":"https:\/\/daniel.media\/olelaget\/wp-json\/wp\/v2\/comments?post=324"}],"version-history":[{"count":2,"href":"https:\/\/daniel.media\/olelaget\/wp-json\/wp\/v2\/pages\/324\/revisions"}],"predecessor-version":[{"id":327,"href":"https:\/\/daniel.media\/olelaget\/wp-json\/wp\/v2\/pages\/324\/revisions\/327"}],"wp:attachment":[{"href":"https:\/\/daniel.media\/olelaget\/wp-json\/wp\/v2\/media?parent=324"}],"curies":[{"name":"wp","href":"https:\/\/api.w.org\/{rel}","templated":true}]}}